{"id":6102,"date":"2026-02-20T23:33:41","date_gmt":"2026-02-20T23:33:41","guid":{"rendered":"https:\/\/kymboutiqueinmobiliaria.com\/?post_type=product&#038;p=6102"},"modified":"2026-02-21T00:06:58","modified_gmt":"2026-02-21T00:06:58","slug":"ultimo-penthouse-du","status":"publish","type":"product","link":"https:\/\/kymboutiqueinmobiliaria.com\/index.php\/product\/ultimo-penthouse-du\/","title":{"rendered":"\u00daLTIMO PENTHOUSE DUPLEX EN EL EDIFICIO LE\u00d3N GARC\u00cdA, SANTIAGO DE SURCO"},"content":{"rendered":"<h2><span style=\"font-size: 1.7em; font-weight: bold;\">Caracter\u00edsticas que transforman tu espacio en un hogar<\/span><\/h2>\n<p>Este departamento d\u00faplex cuenta con caracter\u00edsticas \u00fanicas que lo diferencian: amplias habitaciones con excelente iluminaci\u00f3n natural, ba\u00f1os equipados con accesorios de \u00faltima generaci\u00f3n y una sala de estar perfecta para reuniones familiares. Adem\u00e1s, incluye un \u00e1rea de terraza privada que se adapta a diversos usos, ya sea para desayunos al aire libre o tardes relajadas disfrutando del atardecer. Todo esto est\u00e1 complementado por detalles arquitect\u00f3nicos modernos que aportan elegancia y estilo a cada espacio.<\/p>\n<p>No dejes pasar la oportunidad de convertir este departamento d\u00faplex en tu hogar. Con tantas ventajas y una ubicaci\u00f3n estrat\u00e9gica, es perfecto para quienes valoran tanto el dise\u00f1o como la funcionalidad. Contacta ahora para obtener m\u00e1s informaci\u00f3n y dar el primer paso hacia una vida c\u00f3moda y moderna en este excepcional inmueble.<\/p>\n","protected":false},"excerpt":{"rendered":"<p>Distrito: Santiago de Surco<\/p>\n<p>Tipo: Departamento d\u00faplex<\/p>\n<p>&nbsp;<\/p>\n","protected":false},"featured_media":6103,"comment_status":"open","ping_status":"closed","template":"","meta":{"_acf_changed":false,"_uag_custom_page_level_css":"","site-sidebar-layout":"default","site-content-layout":"","ast-site-content-layout":"default","site-content-style":"default","site-sidebar-style":"default","ast-global-header-display":"","ast-banner-title-visibility":"","ast-main-header-display":"","ast-hfb-above-header-display":"","ast-hfb-below-header-display":"","ast-hfb-mobile-header-display":"","site-post-title":"","ast-breadcrumbs-content":"","ast-featured-img":"","footer-sml-layout":"","ast-disable-related-posts":"","theme-transparent-header-meta":"default","adv-header-id-meta":"","stick-header-meta":"","header-above-stick-meta":"","header-main-stick-meta":"","header-below-stick-meta":"","astra-migrate-meta-layouts":"set","ast-page-background-enabled":"default","ast-page-background-meta":{"desktop":{"background-color":"var(--ast-global-color-4)","background-image":"","background-repeat":"repeat","background-position":"center center","background-size":"auto","background-attachment":"scroll","background-type":"","background-media":"","overlay-type":"","overlay-color":"","overlay-opacity":"","overlay-gradient":""},"tablet":{"background-color":"","background-image":"","background-repeat":"repeat","background-position":"center center","background-size":"auto","background-attachment":"scroll","background-type":"","background-media":"","overlay-type":"","overlay-color":"","overlay-opacity":"","overlay-gradient":""},"mobile":{"background-color":"","background-image":"","background-repeat":"repeat","background-position":"center center","background-size":"auto","background-attachment":"scroll","background-type":"","background-media":"","overlay-type":"","overlay-color":"","overlay-opacity":"","overlay-gradient":""}},"ast-content-background-meta":{"desktop":{"background-color":"var(--ast-global-color-5)","background-image":"","background-repeat":"repeat","background-position":"center center","background-size":"auto","background-attachment":"scroll","background-type":"","background-media":"","overlay-type":"","overlay-color":"","overlay-opacity":"","overlay-gradient":""},"tablet":{"background-color":"var(--ast-global-color-5)","background-image":"","background-repeat":"repeat","background-position":"center center","background-size":"auto","background-attachment":"scroll","background-type":"","background-media":"","overlay-type":"","overlay-color":"","overlay-opacity":"","overlay-gradient":""},"mobile":{"background-color":"var(--ast-global-color-5)","background-image":"","background-repeat":"repeat","background-position":"center center","background-size":"auto","background-attachment":"scroll","background-type":"","background-media":"","overlay-type":"","overlay-color":"","overlay-opacity":"","overlay-gradient":""}}},"product_cat":[80,88,20],"product_tag":[],"class_list":{"0":"post-6102","1":"product","2":"type-product","3":"status-publish","4":"has-post-thumbnail","6":"product_cat-departamento","7":"product_cat-santiago-de-surco","8":"product_cat-compra-venta","9":"desktop-align-left","10":"tablet-align-left","11":"mobile-align-left","13":"first","14":"instock","15":"shipping-taxable","16":"product-type-simple"},"acf":{"titulo_componentes_producto_campo_a":"Tipo","valor_componente_producto_campo_a":"Departamento","titulo_componentes_producto_campo_b":"Distrito","valor_componente_producto_campo_b":"Santiago de Surco","titulo_componentes_producto_campo_c":"Dormitorios","valor_componente_producto_campo_c":"3","titulo_componentes_producto_campo_d":"Ba\u00f1os","valor_componente_producto_campo_d":"4","titulo_componentes_producto_campo_e":"\u00c1rea total","valor_componente_producto_campo_e":"225.27 m2"},"yoast_head":"<!-- This site is optimized with the Yoast SEO plugin v22.1 - https:\/\/yoast.com\/wordpress\/plugins\/seo\/ -->\n<title>\u00daLTIMO PENTHOUSE DUPLEX EN EL EDIFICIO LE\u00d3N GARC\u00cdA, SANTIAGO DE SURCO - K&amp;M Inmobiliaria<\/title>\n<meta name=\"robots\" content=\"index, follow, max-snippet:-1, max-image-preview:large, max-video-preview:-1\" \/>\n<link rel=\"canonical\" href=\"https:\/\/kymboutiqueinmobiliaria.com\/index.php\/product\/ultimo-penthouse-du\/\" \/>\n<meta property=\"og:locale\" content=\"es_ES\" \/>\n<meta property=\"og:type\" content=\"article\" \/>\n<meta property=\"og:title\" content=\"\u00daLTIMO PENTHOUSE DUPLEX EN EL EDIFICIO LE\u00d3N GARC\u00cdA, SANTIAGO DE SURCO - K&amp;M Inmobiliaria\" \/>\n<meta property=\"og:description\" content=\"Distrito: Santiago de Surco  Tipo: Departamento d\u00faplex  &nbsp;\" \/>\n<meta property=\"og:url\" content=\"https:\/\/kymboutiqueinmobiliaria.com\/index.php\/product\/ultimo-penthouse-du\/\" \/>\n<meta property=\"og:site_name\" content=\"K&amp;M Inmobiliaria\" \/>\n<meta property=\"article:modified_time\" content=\"2026-02-21T00:06:58+00:00\" \/>\n<meta property=\"og:image\" content=\"https:\/\/kymboutiqueinmobiliaria.com\/wp-content\/uploads\/2026\/02\/WhatsApp-Image-2026-02-07-at-8.15.41-PM.jpeg\" \/>\n\t<meta property=\"og:image:width\" content=\"1200\" \/>\n\t<meta property=\"og:image:height\" content=\"1600\" \/>\n\t<meta property=\"og:image:type\" content=\"image\/jpeg\" \/>\n<meta name=\"twitter:card\" content=\"summary_large_image\" \/>\n<meta name=\"twitter:label1\" content=\"Tiempo de lectura\" \/>\n\t<meta name=\"twitter:data1\" content=\"1 minuto\" \/>\n<script type=\"application\/ld+json\" class=\"yoast-schema-graph\">{\"@context\":\"https:\/\/schema.org\",\"@graph\":[{\"@type\":\"WebPage\",\"@id\":\"https:\/\/kymboutiqueinmobiliaria.com\/index.php\/product\/ultimo-penthouse-du\/\",\"url\":\"https:\/\/kymboutiqueinmobiliaria.com\/index.php\/product\/ultimo-penthouse-du\/\",\"name\":\"\u00daLTIMO PENTHOUSE DUPLEX EN EL EDIFICIO LE\u00d3N GARC\u00cdA, SANTIAGO DE SURCO - K&amp;M Inmobiliaria\",\"isPartOf\":{\"@id\":\"https:\/\/kymboutiqueinmobiliaria.com\/#website\"},\"datePublished\":\"2026-02-20T23:33:41+00:00\",\"dateModified\":\"2026-02-21T00:06:58+00:00\",\"breadcrumb\":{\"@id\":\"https:\/\/kymboutiqueinmobiliaria.com\/index.php\/product\/ultimo-penthouse-du\/#breadcrumb\"},\"inLanguage\":\"es\",\"potentialAction\":[{\"@type\":\"ReadAction\",\"target\":[\"https:\/\/kymboutiqueinmobiliaria.com\/index.php\/product\/ultimo-penthouse-du\/\"]}]},{\"@type\":\"BreadcrumbList\",\"@id\":\"https:\/\/kymboutiqueinmobiliaria.com\/index.php\/product\/ultimo-penthouse-du\/#breadcrumb\",\"itemListElement\":[{\"@type\":\"ListItem\",\"position\":1,\"name\":\"Home\",\"item\":\"https:\/\/kymboutiqueinmobiliaria.com\/\"},{\"@type\":\"ListItem\",\"position\":2,\"name\":\"Shop\",\"item\":\"https:\/\/kymboutiqueinmobiliaria.com\/index.php\/shop\/\"},{\"@type\":\"ListItem\",\"position\":3,\"name\":\"\u00daLTIMO PENTHOUSE DUPLEX EN EL EDIFICIO LE\u00d3N GARC\u00cdA, SANTIAGO DE SURCO\"}]},{\"@type\":\"WebSite\",\"@id\":\"https:\/\/kymboutiqueinmobiliaria.com\/#website\",\"url\":\"https:\/\/kymboutiqueinmobiliaria.com\/\",\"name\":\"kymboutiqueinmobiliaria\",\"description\":\"\",\"publisher\":{\"@id\":\"https:\/\/kymboutiqueinmobiliaria.com\/#organization\"},\"potentialAction\":[{\"@type\":\"SearchAction\",\"target\":{\"@type\":\"EntryPoint\",\"urlTemplate\":\"https:\/\/kymboutiqueinmobiliaria.com\/?s={search_term_string}\"},\"query-input\":\"required name=search_term_string\"}],\"inLanguage\":\"es\"},{\"@type\":\"Organization\",\"@id\":\"https:\/\/kymboutiqueinmobiliaria.com\/#organization\",\"name\":\"kymboutiqueinmobiliaria\",\"url\":\"https:\/\/kymboutiqueinmobiliaria.com\/\",\"logo\":{\"@type\":\"ImageObject\",\"inLanguage\":\"es\",\"@id\":\"https:\/\/kymboutiqueinmobiliaria.com\/#\/schema\/logo\/image\/\",\"url\":\"https:\/\/kymboutiqueinmobiliaria.com\/wp-content\/uploads\/2024\/02\/cropped-cropped-Marca-inmobiliaria-768x358-4.png\",\"contentUrl\":\"https:\/\/kymboutiqueinmobiliaria.com\/wp-content\/uploads\/2024\/02\/cropped-cropped-Marca-inmobiliaria-768x358-4.png\",\"width\":173,\"height\":58,\"caption\":\"kymboutiqueinmobiliaria\"},\"image\":{\"@id\":\"https:\/\/kymboutiqueinmobiliaria.com\/#\/schema\/logo\/image\/\"}}]}<\/script>\n<!-- \/ Yoast SEO plugin. -->","yoast_head_json":{"title":"\u00daLTIMO PENTHOUSE DUPLEX EN EL EDIFICIO LE\u00d3N GARC\u00cdA, SANTIAGO DE SURCO - K&amp;M Inmobiliaria","robots":{"index":"index","follow":"follow","max-snippet":"max-snippet:-1","max-image-preview":"max-image-preview:large","max-video-preview":"max-video-preview:-1"},"canonical":"https:\/\/kymboutiqueinmobiliaria.com\/index.php\/product\/ultimo-penthouse-du\/","og_locale":"es_ES","og_type":"article","og_title":"\u00daLTIMO PENTHOUSE DUPLEX EN EL EDIFICIO LE\u00d3N GARC\u00cdA, SANTIAGO DE SURCO - K&amp;M Inmobiliaria","og_description":"Distrito: Santiago de Surco  Tipo: Departamento d\u00faplex  &nbsp;","og_url":"https:\/\/kymboutiqueinmobiliaria.com\/index.php\/product\/ultimo-penthouse-du\/","og_site_name":"K&amp;M Inmobiliaria","article_modified_time":"2026-02-21T00:06:58+00:00","og_image":[{"width":1200,"height":1600,"url":"https:\/\/kymboutiqueinmobiliaria.com\/wp-content\/uploads\/2026\/02\/WhatsApp-Image-2026-02-07-at-8.15.41-PM.jpeg","type":"image\/jpeg"}],"twitter_card":"summary_large_image","twitter_misc":{"Tiempo de lectura":"1 minuto"},"schema":{"@context":"https:\/\/schema.org","@graph":[{"@type":"WebPage","@id":"https:\/\/kymboutiqueinmobiliaria.com\/index.php\/product\/ultimo-penthouse-du\/","url":"https:\/\/kymboutiqueinmobiliaria.com\/index.php\/product\/ultimo-penthouse-du\/","name":"\u00daLTIMO PENTHOUSE DUPLEX EN EL EDIFICIO LE\u00d3N GARC\u00cdA, SANTIAGO DE SURCO - K&amp;M Inmobiliaria","isPartOf":{"@id":"https:\/\/kymboutiqueinmobiliaria.com\/#website"},"datePublished":"2026-02-20T23:33:41+00:00","dateModified":"2026-02-21T00:06:58+00:00","breadcrumb":{"@id":"https:\/\/kymboutiqueinmobiliaria.com\/index.php\/product\/ultimo-penthouse-du\/#breadcrumb"},"inLanguage":"es","potentialAction":[{"@type":"ReadAction","target":["https:\/\/kymboutiqueinmobiliaria.com\/index.php\/product\/ultimo-penthouse-du\/"]}]},{"@type":"BreadcrumbList","@id":"https:\/\/kymboutiqueinmobiliaria.com\/index.php\/product\/ultimo-penthouse-du\/#breadcrumb","itemListElement":[{"@type":"ListItem","position":1,"name":"Home","item":"https:\/\/kymboutiqueinmobiliaria.com\/"},{"@type":"ListItem","position":2,"name":"Shop","item":"https:\/\/kymboutiqueinmobiliaria.com\/index.php\/shop\/"},{"@type":"ListItem","position":3,"name":"\u00daLTIMO PENTHOUSE DUPLEX EN EL EDIFICIO LE\u00d3N GARC\u00cdA, SANTIAGO DE SURCO"}]},{"@type":"WebSite","@id":"https:\/\/kymboutiqueinmobiliaria.com\/#website","url":"https:\/\/kymboutiqueinmobiliaria.com\/","name":"kymboutiqueinmobiliaria","description":"","publisher":{"@id":"https:\/\/kymboutiqueinmobiliaria.com\/#organization"},"potentialAction":[{"@type":"SearchAction","target":{"@type":"EntryPoint","urlTemplate":"https:\/\/kymboutiqueinmobiliaria.com\/?s={search_term_string}"},"query-input":"required name=search_term_string"}],"inLanguage":"es"},{"@type":"Organization","@id":"https:\/\/kymboutiqueinmobiliaria.com\/#organization","name":"kymboutiqueinmobiliaria","url":"https:\/\/kymboutiqueinmobiliaria.com\/","logo":{"@type":"ImageObject","inLanguage":"es","@id":"https:\/\/kymboutiqueinmobiliaria.com\/#\/schema\/logo\/image\/","url":"https:\/\/kymboutiqueinmobiliaria.com\/wp-content\/uploads\/2024\/02\/cropped-cropped-Marca-inmobiliaria-768x358-4.png","contentUrl":"https:\/\/kymboutiqueinmobiliaria.com\/wp-content\/uploads\/2024\/02\/cropped-cropped-Marca-inmobiliaria-768x358-4.png","width":173,"height":58,"caption":"kymboutiqueinmobiliaria"},"image":{"@id":"https:\/\/kymboutiqueinmobiliaria.com\/#\/schema\/logo\/image\/"}}]}},"uagb_featured_image_src":{"full":["https:\/\/kymboutiqueinmobiliaria.com\/wp-content\/uploads\/2026\/02\/WhatsApp-Image-2026-02-07-at-8.15.41-PM.jpeg",1200,1600,false],"thumbnail":["https:\/\/kymboutiqueinmobiliaria.com\/wp-content\/uploads\/2026\/02\/WhatsApp-Image-2026-02-07-at-8.15.41-PM-150x150.jpeg",150,150,true],"medium":["https:\/\/kymboutiqueinmobiliaria.com\/wp-content\/uploads\/2026\/02\/WhatsApp-Image-2026-02-07-at-8.15.41-PM-225x300.jpeg",225,300,true],"medium_large":["https:\/\/kymboutiqueinmobiliaria.com\/wp-content\/uploads\/2026\/02\/WhatsApp-Image-2026-02-07-at-8.15.41-PM-768x1024.jpeg",768,1024,true],"large":["https:\/\/kymboutiqueinmobiliaria.com\/wp-content\/uploads\/2026\/02\/WhatsApp-Image-2026-02-07-at-8.15.41-PM-768x1024.jpeg",768,1024,true],"1536x1536":["https:\/\/kymboutiqueinmobiliaria.com\/wp-content\/uploads\/2026\/02\/WhatsApp-Image-2026-02-07-at-8.15.41-PM-1152x1536.jpeg",1152,1536,true],"2048x2048":["https:\/\/kymboutiqueinmobiliaria.com\/wp-content\/uploads\/2026\/02\/WhatsApp-Image-2026-02-07-at-8.15.41-PM.jpeg",1200,1600,false],"woocommerce_thumbnail":["https:\/\/kymboutiqueinmobiliaria.com\/wp-content\/uploads\/2026\/02\/WhatsApp-Image-2026-02-07-at-8.15.41-PM-300x300.jpeg",300,300,true],"woocommerce_single":["https:\/\/kymboutiqueinmobiliaria.com\/wp-content\/uploads\/2026\/02\/WhatsApp-Image-2026-02-07-at-8.15.41-PM-600x800.jpeg",600,800,true],"woocommerce_gallery_thumbnail":["https:\/\/kymboutiqueinmobiliaria.com\/wp-content\/uploads\/2026\/02\/WhatsApp-Image-2026-02-07-at-8.15.41-PM-100x100.jpeg",100,100,true]},"uagb_author_info":{"display_name":"KyM Inmobiliaria","author_link":"https:\/\/kymboutiqueinmobiliaria.com\/index.php\/author\/"},"uagb_comment_info":0,"uagb_excerpt":"Distrito: Santiago de Surco Tipo: Departamento d\u00faplex &nbsp;","_links":{"self":[{"href":"https:\/\/kymboutiqueinmobiliaria.com\/index.php\/wp-json\/wp\/v2\/product\/6102","targetHints":{"allow":["GET"]}}],"collection":[{"href":"https:\/\/kymboutiqueinmobiliaria.com\/index.php\/wp-json\/wp\/v2\/product"}],"about":[{"href":"https:\/\/kymboutiqueinmobiliaria.com\/index.php\/wp-json\/wp\/v2\/types\/product"}],"replies":[{"embeddable":true,"href":"https:\/\/kymboutiqueinmobiliaria.com\/index.php\/wp-json\/wp\/v2\/comments?post=6102"}],"wp:featuredmedia":[{"embeddable":true,"href":"https:\/\/kymboutiqueinmobiliaria.com\/index.php\/wp-json\/wp\/v2\/media\/6103"}],"wp:attachment":[{"href":"https:\/\/kymboutiqueinmobiliaria.com\/index.php\/wp-json\/wp\/v2\/media?parent=6102"}],"wp:term":[{"taxonomy":"product_cat","embeddable":true,"href":"https:\/\/kymboutiqueinmobiliaria.com\/index.php\/wp-json\/wp\/v2\/product_cat?post=6102"},{"taxonomy":"product_tag","embeddable":true,"href":"https:\/\/kymboutiqueinmobiliaria.com\/index.php\/wp-json\/wp\/v2\/product_tag?post=6102"}],"curies":[{"name":"wp","href":"https:\/\/api.w.org\/{rel}","templated":true}]}}