{"id":5979,"date":"2026-02-02T17:13:52","date_gmt":"2026-02-02T17:13:52","guid":{"rendered":"https:\/\/kymboutiqueinmobiliaria.com\/?post_type=product&#038;p=5979"},"modified":"2026-02-02T22:01:10","modified_gmt":"2026-02-02T22:01:10","slug":"casa-de-playa-condominio-asia-bonita","status":"publish","type":"product","link":"https:\/\/kymboutiqueinmobiliaria.com\/index.php\/product\/casa-de-playa-condominio-asia-bonita\/","title":{"rendered":"Casa de Playa Condominio Asia Bonita"},"content":{"rendered":"<p>Distrito: Asia<\/p>\n<p>Tipo: Casa<\/p>\n","protected":false},"excerpt":{"rendered":"<p>Totalmente equipada y lista para disfrutar con todas las comodidades.<br \/>\nPorque no solamente se disfruta de la playa en verano, pues la arena y el mar te dan paz y serenidad todo el a\u00f1o.<br \/>\nEl Condominio realiza actividades todos los fines de semana del verano: karaoke, fiestas bailables, v\u00f3ley playa, clases de baile y yoga, clases de nataci\u00f3n para los ni\u00f1os y clases de tenis para los adultos, degustaciones de vino y pisco, entre otras actividades divertidas.<br \/>\nCuenta con una terraza en el primer piso, amplia sala-comedor, cocina totalmente equipada, 4 dormitorios, 4 ba\u00f1os completos y 1 ba\u00f1o para visitas, \u00e1rea de lavander\u00eda con patio, amplia terraza en el tercer piso, 2 estacionamientos propios y estacionamientos disponibles para los invitados.<br \/>\nTodos los dormitorios tienen closet empotrado y ventiladores. Todos los colchones cuentan con fundas protectoras, para mantener limpios los colchones.<br \/>\nEn la terraza del tercer piso cuenta con comedor techado, \u00e1rea de parrilla, \u00e1rea de entretenimiento con televisor de 55 pulgadas, ba\u00f1o completo, frigobar, lavatorio, mesa y silla tipo bar en terraza y en el comedor techado, mesa con sillas con 3 vitrinas donde se guardan los platos, vasos, copas, cubiertos y el bar.<br \/>\nEl primer piso y en la terraza del tercer piso cuenta con menajer\u00eda propia, platos, vasos, cubiertos, finas copas de cristal y utensilios completos para preparar la parrilla.<br \/>\nCocina y terma a gas. La terma es nueva y recientemente instalada.<br \/>\nAgua caliente en todos los ba\u00f1os.<br \/>\nResistente pasamos en las escaleras.<br \/>\nLuces de emergencia para los casos de corte de fluido el\u00e9ctrico.<br \/>\nPuertas de vidrio en todas las duchas, con agarraderas de acero en los ba\u00f1os, para la seguridad de las personas que puedan tener alguna dificultad de movilidad.<br \/>\nEl mobiliario y los acabados son de primera.<br \/>\nSombrilla y mesita en la playa.<br \/>\nIncluye 2 estacionamientos.<br \/>\nEl Condominio cuenta con canchas de tenis, cancha de fulbito, piscinas, restaurante, mini market, \u00e1rea social con fulbito de mano, ping pong, billar, con atenci\u00f3n durante todo el a\u00f1o.<br \/>\nEl restaurante y el minimarket brindan servicio durante todo el a\u00f1o.<br \/>\nVigilancia permanente por el ingreso principal y por el malec\u00f3n.<br \/>\nMalec\u00f3n de cuatro kil\u00f3metros que une varios condominios, donde se puede practicar varios deportes como correr, patinar, montar bicicleta, etc.<br \/>\nDocumentos en regla e inscritos en SUNARP.<br \/>\nA 10 minutos del Boulevard de Asia.<br \/>\nNo se admiten mascotas.<br \/>\nPrecio NEGOCIABLE.<\/p>\n","protected":false},"featured_media":6031,"comment_status":"open","ping_status":"closed","template":"","meta":{"_acf_changed":false,"_uag_custom_page_level_css":"","site-sidebar-layout":"default","site-content-layout":"","ast-site-content-layout":"default","site-content-style":"default","site-sidebar-style":"default","ast-global-header-display":"","ast-banner-title-visibility":"","ast-main-header-display":"","ast-hfb-above-header-display":"","ast-hfb-below-header-display":"","ast-hfb-mobile-header-display":"","site-post-title":"","ast-breadcrumbs-content":"","ast-featured-img":"","footer-sml-layout":"","ast-disable-related-posts":"","theme-transparent-header-meta":"default","adv-header-id-meta":"","stick-header-meta":"","header-above-stick-meta":"","header-main-stick-meta":"","header-below-stick-meta":"","astra-migrate-meta-layouts":"set","ast-page-background-enabled":"default","ast-page-background-meta":{"desktop":{"background-color":"var(--ast-global-color-4)","background-image":"","background-repeat":"repeat","background-position":"center center","background-size":"auto","background-attachment":"scroll","background-type":"","background-media":"","overlay-type":"","overlay-color":"","overlay-opacity":"","overlay-gradient":""},"tablet":{"background-color":"","background-image":"","background-repeat":"repeat","background-position":"center center","background-size":"auto","background-attachment":"scroll","background-type":"","background-media":"","overlay-type":"","overlay-color":"","overlay-opacity":"","overlay-gradient":""},"mobile":{"background-color":"","background-image":"","background-repeat":"repeat","background-position":"center center","background-size":"auto","background-attachment":"scroll","background-type":"","background-media":"","overlay-type":"","overlay-color":"","overlay-opacity":"","overlay-gradient":""}},"ast-content-background-meta":{"desktop":{"background-color":"var(--ast-global-color-5)","background-image":"","background-repeat":"repeat","background-position":"center center","background-size":"auto","background-attachment":"scroll","background-type":"","background-media":"","overlay-type":"","overlay-color":"","overlay-opacity":"","overlay-gradient":""},"tablet":{"background-color":"var(--ast-global-color-5)","background-image":"","background-repeat":"repeat","background-position":"center center","background-size":"auto","background-attachment":"scroll","background-type":"","background-media":"","overlay-type":"","overlay-color":"","overlay-opacity":"","overlay-gradient":""},"mobile":{"background-color":"var(--ast-global-color-5)","background-image":"","background-repeat":"repeat","background-position":"center center","background-size":"auto","background-attachment":"scroll","background-type":"","background-media":"","overlay-type":"","overlay-color":"","overlay-opacity":"","overlay-gradient":""}}},"product_cat":[91,79,20],"product_tag":[],"class_list":{"0":"post-5979","1":"product","2":"type-product","3":"status-publish","4":"has-post-thumbnail","6":"product_cat-asia-ubicacion","7":"product_cat-casa","8":"product_cat-compra-venta","9":"desktop-align-left","10":"tablet-align-left","11":"mobile-align-left","13":"first","14":"instock","15":"shipping-taxable","16":"product-type-simple"},"acf":{"titulo_componentes_producto_campo_a":"Casa","valor_componente_producto_campo_a":"3 pisos, totalmente amoblado.","titulo_componentes_producto_campo_b":"Distrito","valor_componente_producto_campo_b":"Asia","titulo_componentes_producto_campo_c":"Dormitorios","valor_componente_producto_campo_c":"4","titulo_componentes_producto_campo_d":"Ba\u00f1os","valor_componente_producto_campo_d":"5","titulo_componentes_producto_campo_e":"Estacionamiento","valor_componente_producto_campo_e":"2"},"yoast_head":"<!-- This site is optimized with the Yoast SEO plugin v22.1 - https:\/\/yoast.com\/wordpress\/plugins\/seo\/ -->\n<title>Casa de Playa Condominio Asia Bonita - K&amp;M Inmobiliaria<\/title>\n<meta name=\"robots\" content=\"index, follow, max-snippet:-1, max-image-preview:large, max-video-preview:-1\" \/>\n<link rel=\"canonical\" href=\"https:\/\/kymboutiqueinmobiliaria.com\/index.php\/product\/casa-de-playa-condominio-asia-bonita\/\" \/>\n<meta property=\"og:locale\" content=\"es_ES\" \/>\n<meta property=\"og:type\" content=\"article\" \/>\n<meta property=\"og:title\" content=\"Casa de Playa Condominio Asia Bonita - K&amp;M Inmobiliaria\" \/>\n<meta property=\"og:description\" content=\"Totalmente equipada y lista para disfrutar con todas las comodidades. Porque no solamente se disfruta de la playa en verano, pues la arena y el mar te dan paz y serenidad todo el a\u00f1o. El Condominio realiza actividades todos los fines de semana del verano: karaoke, fiestas bailables, v\u00f3ley playa, clases de baile y yoga, clases de nataci\u00f3n para los ni\u00f1os y clases de tenis para los adultos, degustaciones de vino y pisco, entre otras actividades divertidas. Cuenta con una terraza en el primer piso, amplia sala-comedor, cocina totalmente equipada, 4 dormitorios, 4 ba\u00f1os completos y 1 ba\u00f1o para visitas, \u00e1rea de lavander\u00eda con patio, amplia terraza en el tercer piso, 2 estacionamientos propios y estacionamientos disponibles para los invitados. Todos los dormitorios tienen closet empotrado y ventiladores. Todos los colchones cuentan con fundas protectoras, para mantener limpios los colchones. En la terraza del tercer piso cuenta con comedor techado, \u00e1rea de parrilla, \u00e1rea de entretenimiento con televisor de 55 pulgadas, ba\u00f1o completo, frigobar, lavatorio, mesa y silla tipo bar en terraza y en el comedor techado, mesa con sillas con 3 vitrinas donde se guardan los platos, vasos, copas, cubiertos y el bar. El primer piso y en la terraza del tercer piso cuenta con menajer\u00eda propia, platos, vasos, cubiertos, finas copas de cristal y utensilios completos para preparar la parrilla. Cocina y terma a gas. La terma es nueva y recientemente instalada. Agua caliente en todos los ba\u00f1os. Resistente pasamos en las escaleras. Luces de emergencia para los casos de corte de fluido el\u00e9ctrico. Puertas de vidrio en todas las duchas, con agarraderas de acero en los ba\u00f1os, para la seguridad de las personas que puedan tener alguna dificultad de movilidad. El mobiliario y los acabados son de primera. Sombrilla y mesita en la playa. Incluye 2 estacionamientos. El Condominio cuenta con canchas de tenis, cancha de fulbito, piscinas, restaurante, mini market, \u00e1rea social con fulbito de mano, ping pong, billar, con atenci\u00f3n durante todo el a\u00f1o. El restaurante y el minimarket brindan servicio durante todo el a\u00f1o. Vigilancia permanente por el ingreso principal y por el malec\u00f3n. Malec\u00f3n de cuatro kil\u00f3metros que une varios condominios, donde se puede practicar varios deportes como correr, patinar, montar bicicleta, etc. Documentos en regla e inscritos en SUNARP. A 10 minutos del Boulevard de Asia. No se admiten mascotas. Precio NEGOCIABLE.\" \/>\n<meta property=\"og:url\" content=\"https:\/\/kymboutiqueinmobiliaria.com\/index.php\/product\/casa-de-playa-condominio-asia-bonita\/\" \/>\n<meta property=\"og:site_name\" content=\"K&amp;M Inmobiliaria\" \/>\n<meta property=\"article:modified_time\" content=\"2026-02-02T22:01:10+00:00\" \/>\n<meta property=\"og:image\" content=\"https:\/\/kymboutiqueinmobiliaria.com\/wp-content\/uploads\/2026\/02\/1-2-e1770052206775.jpg\" \/>\n\t<meta property=\"og:image:width\" content=\"1070\" \/>\n\t<meta property=\"og:image:height\" content=\"1060\" \/>\n\t<meta property=\"og:image:type\" content=\"image\/jpeg\" \/>\n<meta name=\"twitter:card\" content=\"summary_large_image\" \/>\n<meta name=\"twitter:label1\" content=\"Tiempo de lectura\" \/>\n\t<meta name=\"twitter:data1\" content=\"1 minuto\" \/>\n<script type=\"application\/ld+json\" class=\"yoast-schema-graph\">{\"@context\":\"https:\/\/schema.org\",\"@graph\":[{\"@type\":\"WebPage\",\"@id\":\"https:\/\/kymboutiqueinmobiliaria.com\/index.php\/product\/casa-de-playa-condominio-asia-bonita\/\",\"url\":\"https:\/\/kymboutiqueinmobiliaria.com\/index.php\/product\/casa-de-playa-condominio-asia-bonita\/\",\"name\":\"Casa de Playa Condominio Asia Bonita - K&amp;M Inmobiliaria\",\"isPartOf\":{\"@id\":\"https:\/\/kymboutiqueinmobiliaria.com\/#website\"},\"datePublished\":\"2026-02-02T17:13:52+00:00\",\"dateModified\":\"2026-02-02T22:01:10+00:00\",\"breadcrumb\":{\"@id\":\"https:\/\/kymboutiqueinmobiliaria.com\/index.php\/product\/casa-de-playa-condominio-asia-bonita\/#breadcrumb\"},\"inLanguage\":\"es\",\"potentialAction\":[{\"@type\":\"ReadAction\",\"target\":[\"https:\/\/kymboutiqueinmobiliaria.com\/index.php\/product\/casa-de-playa-condominio-asia-bonita\/\"]}]},{\"@type\":\"BreadcrumbList\",\"@id\":\"https:\/\/kymboutiqueinmobiliaria.com\/index.php\/product\/casa-de-playa-condominio-asia-bonita\/#breadcrumb\",\"itemListElement\":[{\"@type\":\"ListItem\",\"position\":1,\"name\":\"Home\",\"item\":\"https:\/\/kymboutiqueinmobiliaria.com\/\"},{\"@type\":\"ListItem\",\"position\":2,\"name\":\"Shop\",\"item\":\"https:\/\/kymboutiqueinmobiliaria.com\/index.php\/shop\/\"},{\"@type\":\"ListItem\",\"position\":3,\"name\":\"Casa de Playa Condominio Asia Bonita\"}]},{\"@type\":\"WebSite\",\"@id\":\"https:\/\/kymboutiqueinmobiliaria.com\/#website\",\"url\":\"https:\/\/kymboutiqueinmobiliaria.com\/\",\"name\":\"kymboutiqueinmobiliaria\",\"description\":\"\",\"publisher\":{\"@id\":\"https:\/\/kymboutiqueinmobiliaria.com\/#organization\"},\"potentialAction\":[{\"@type\":\"SearchAction\",\"target\":{\"@type\":\"EntryPoint\",\"urlTemplate\":\"https:\/\/kymboutiqueinmobiliaria.com\/?s={search_term_string}\"},\"query-input\":\"required name=search_term_string\"}],\"inLanguage\":\"es\"},{\"@type\":\"Organization\",\"@id\":\"https:\/\/kymboutiqueinmobiliaria.com\/#organization\",\"name\":\"kymboutiqueinmobiliaria\",\"url\":\"https:\/\/kymboutiqueinmobiliaria.com\/\",\"logo\":{\"@type\":\"ImageObject\",\"inLanguage\":\"es\",\"@id\":\"https:\/\/kymboutiqueinmobiliaria.com\/#\/schema\/logo\/image\/\",\"url\":\"https:\/\/kymboutiqueinmobiliaria.com\/wp-content\/uploads\/2024\/02\/cropped-cropped-Marca-inmobiliaria-768x358-4.png\",\"contentUrl\":\"https:\/\/kymboutiqueinmobiliaria.com\/wp-content\/uploads\/2024\/02\/cropped-cropped-Marca-inmobiliaria-768x358-4.png\",\"width\":173,\"height\":58,\"caption\":\"kymboutiqueinmobiliaria\"},\"image\":{\"@id\":\"https:\/\/kymboutiqueinmobiliaria.com\/#\/schema\/logo\/image\/\"}}]}<\/script>\n<!-- \/ Yoast SEO plugin. -->","yoast_head_json":{"title":"Casa de Playa Condominio Asia Bonita - K&amp;M Inmobiliaria","robots":{"index":"index","follow":"follow","max-snippet":"max-snippet:-1","max-image-preview":"max-image-preview:large","max-video-preview":"max-video-preview:-1"},"canonical":"https:\/\/kymboutiqueinmobiliaria.com\/index.php\/product\/casa-de-playa-condominio-asia-bonita\/","og_locale":"es_ES","og_type":"article","og_title":"Casa de Playa Condominio Asia Bonita - K&amp;M Inmobiliaria","og_description":"Totalmente equipada y lista para disfrutar con todas las comodidades. Porque no solamente se disfruta de la playa en verano, pues la arena y el mar te dan paz y serenidad todo el a\u00f1o. El Condominio realiza actividades todos los fines de semana del verano: karaoke, fiestas bailables, v\u00f3ley playa, clases de baile y yoga, clases de nataci\u00f3n para los ni\u00f1os y clases de tenis para los adultos, degustaciones de vino y pisco, entre otras actividades divertidas. Cuenta con una terraza en el primer piso, amplia sala-comedor, cocina totalmente equipada, 4 dormitorios, 4 ba\u00f1os completos y 1 ba\u00f1o para visitas, \u00e1rea de lavander\u00eda con patio, amplia terraza en el tercer piso, 2 estacionamientos propios y estacionamientos disponibles para los invitados. Todos los dormitorios tienen closet empotrado y ventiladores. Todos los colchones cuentan con fundas protectoras, para mantener limpios los colchones. En la terraza del tercer piso cuenta con comedor techado, \u00e1rea de parrilla, \u00e1rea de entretenimiento con televisor de 55 pulgadas, ba\u00f1o completo, frigobar, lavatorio, mesa y silla tipo bar en terraza y en el comedor techado, mesa con sillas con 3 vitrinas donde se guardan los platos, vasos, copas, cubiertos y el bar. El primer piso y en la terraza del tercer piso cuenta con menajer\u00eda propia, platos, vasos, cubiertos, finas copas de cristal y utensilios completos para preparar la parrilla. Cocina y terma a gas. La terma es nueva y recientemente instalada. Agua caliente en todos los ba\u00f1os. Resistente pasamos en las escaleras. Luces de emergencia para los casos de corte de fluido el\u00e9ctrico. Puertas de vidrio en todas las duchas, con agarraderas de acero en los ba\u00f1os, para la seguridad de las personas que puedan tener alguna dificultad de movilidad. El mobiliario y los acabados son de primera. Sombrilla y mesita en la playa. Incluye 2 estacionamientos. El Condominio cuenta con canchas de tenis, cancha de fulbito, piscinas, restaurante, mini market, \u00e1rea social con fulbito de mano, ping pong, billar, con atenci\u00f3n durante todo el a\u00f1o. El restaurante y el minimarket brindan servicio durante todo el a\u00f1o. Vigilancia permanente por el ingreso principal y por el malec\u00f3n. Malec\u00f3n de cuatro kil\u00f3metros que une varios condominios, donde se puede practicar varios deportes como correr, patinar, montar bicicleta, etc. Documentos en regla e inscritos en SUNARP. A 10 minutos del Boulevard de Asia. No se admiten mascotas. Precio NEGOCIABLE.","og_url":"https:\/\/kymboutiqueinmobiliaria.com\/index.php\/product\/casa-de-playa-condominio-asia-bonita\/","og_site_name":"K&amp;M Inmobiliaria","article_modified_time":"2026-02-02T22:01:10+00:00","og_image":[{"width":1070,"height":1060,"url":"https:\/\/kymboutiqueinmobiliaria.com\/wp-content\/uploads\/2026\/02\/1-2-e1770052206775.jpg","type":"image\/jpeg"}],"twitter_card":"summary_large_image","twitter_misc":{"Tiempo de lectura":"1 minuto"},"schema":{"@context":"https:\/\/schema.org","@graph":[{"@type":"WebPage","@id":"https:\/\/kymboutiqueinmobiliaria.com\/index.php\/product\/casa-de-playa-condominio-asia-bonita\/","url":"https:\/\/kymboutiqueinmobiliaria.com\/index.php\/product\/casa-de-playa-condominio-asia-bonita\/","name":"Casa de Playa Condominio Asia Bonita - K&amp;M Inmobiliaria","isPartOf":{"@id":"https:\/\/kymboutiqueinmobiliaria.com\/#website"},"datePublished":"2026-02-02T17:13:52+00:00","dateModified":"2026-02-02T22:01:10+00:00","breadcrumb":{"@id":"https:\/\/kymboutiqueinmobiliaria.com\/index.php\/product\/casa-de-playa-condominio-asia-bonita\/#breadcrumb"},"inLanguage":"es","potentialAction":[{"@type":"ReadAction","target":["https:\/\/kymboutiqueinmobiliaria.com\/index.php\/product\/casa-de-playa-condominio-asia-bonita\/"]}]},{"@type":"BreadcrumbList","@id":"https:\/\/kymboutiqueinmobiliaria.com\/index.php\/product\/casa-de-playa-condominio-asia-bonita\/#breadcrumb","itemListElement":[{"@type":"ListItem","position":1,"name":"Home","item":"https:\/\/kymboutiqueinmobiliaria.com\/"},{"@type":"ListItem","position":2,"name":"Shop","item":"https:\/\/kymboutiqueinmobiliaria.com\/index.php\/shop\/"},{"@type":"ListItem","position":3,"name":"Casa de Playa Condominio Asia Bonita"}]},{"@type":"WebSite","@id":"https:\/\/kymboutiqueinmobiliaria.com\/#website","url":"https:\/\/kymboutiqueinmobiliaria.com\/","name":"kymboutiqueinmobiliaria","description":"","publisher":{"@id":"https:\/\/kymboutiqueinmobiliaria.com\/#organization"},"potentialAction":[{"@type":"SearchAction","target":{"@type":"EntryPoint","urlTemplate":"https:\/\/kymboutiqueinmobiliaria.com\/?s={search_term_string}"},"query-input":"required name=search_term_string"}],"inLanguage":"es"},{"@type":"Organization","@id":"https:\/\/kymboutiqueinmobiliaria.com\/#organization","name":"kymboutiqueinmobiliaria","url":"https:\/\/kymboutiqueinmobiliaria.com\/","logo":{"@type":"ImageObject","inLanguage":"es","@id":"https:\/\/kymboutiqueinmobiliaria.com\/#\/schema\/logo\/image\/","url":"https:\/\/kymboutiqueinmobiliaria.com\/wp-content\/uploads\/2024\/02\/cropped-cropped-Marca-inmobiliaria-768x358-4.png","contentUrl":"https:\/\/kymboutiqueinmobiliaria.com\/wp-content\/uploads\/2024\/02\/cropped-cropped-Marca-inmobiliaria-768x358-4.png","width":173,"height":58,"caption":"kymboutiqueinmobiliaria"},"image":{"@id":"https:\/\/kymboutiqueinmobiliaria.com\/#\/schema\/logo\/image\/"}}]}},"uagb_featured_image_src":{"full":["https:\/\/kymboutiqueinmobiliaria.com\/wp-content\/uploads\/2026\/02\/1-2-e1770052206775.jpg",1070,1060,false],"thumbnail":["https:\/\/kymboutiqueinmobiliaria.com\/wp-content\/uploads\/2026\/02\/1-2-e1770052206775-150x150.jpg",150,150,true],"medium":["https:\/\/kymboutiqueinmobiliaria.com\/wp-content\/uploads\/2026\/02\/1-2-e1770052206775-300x297.jpg",300,297,true],"medium_large":["https:\/\/kymboutiqueinmobiliaria.com\/wp-content\/uploads\/2026\/02\/1-2-e1770052206775-768x761.jpg",768,761,true],"large":["https:\/\/kymboutiqueinmobiliaria.com\/wp-content\/uploads\/2026\/02\/1-2-e1770052206775-1024x1014.jpg",1024,1014,true],"1536x1536":["https:\/\/kymboutiqueinmobiliaria.com\/wp-content\/uploads\/2026\/02\/1-2-e1770052206775.jpg",1070,1060,false],"2048x2048":["https:\/\/kymboutiqueinmobiliaria.com\/wp-content\/uploads\/2026\/02\/1-2-e1770052206775.jpg",1070,1060,false],"woocommerce_thumbnail":["https:\/\/kymboutiqueinmobiliaria.com\/wp-content\/uploads\/2026\/02\/1-2-e1770052206775-300x300.jpg",300,300,true],"woocommerce_single":["https:\/\/kymboutiqueinmobiliaria.com\/wp-content\/uploads\/2026\/02\/1-2-e1770052206775-600x594.jpg",600,594,true],"woocommerce_gallery_thumbnail":["https:\/\/kymboutiqueinmobiliaria.com\/wp-content\/uploads\/2026\/02\/1-2-e1770052206775-100x100.jpg",100,100,true]},"uagb_author_info":{"display_name":"KyM Inmobiliaria","author_link":"https:\/\/kymboutiqueinmobiliaria.com\/index.php\/author\/"},"uagb_comment_info":0,"uagb_excerpt":"Totalmente equipada y lista para disfrutar con todas las comodidades. Porque no solamente se disfruta de la playa en verano, pues la arena y el mar te dan paz y serenidad todo el a\u00f1o. El Condominio realiza actividades todos los fines de semana del verano: karaoke, fiestas bailables, v\u00f3ley playa, clases de baile y yoga,&hellip;","_links":{"self":[{"href":"https:\/\/kymboutiqueinmobiliaria.com\/index.php\/wp-json\/wp\/v2\/product\/5979","targetHints":{"allow":["GET"]}}],"collection":[{"href":"https:\/\/kymboutiqueinmobiliaria.com\/index.php\/wp-json\/wp\/v2\/product"}],"about":[{"href":"https:\/\/kymboutiqueinmobiliaria.com\/index.php\/wp-json\/wp\/v2\/types\/product"}],"replies":[{"embeddable":true,"href":"https:\/\/kymboutiqueinmobiliaria.com\/index.php\/wp-json\/wp\/v2\/comments?post=5979"}],"wp:featuredmedia":[{"embeddable":true,"href":"https:\/\/kymboutiqueinmobiliaria.com\/index.php\/wp-json\/wp\/v2\/media\/6031"}],"wp:attachment":[{"href":"https:\/\/kymboutiqueinmobiliaria.com\/index.php\/wp-json\/wp\/v2\/media?parent=5979"}],"wp:term":[{"taxonomy":"product_cat","embeddable":true,"href":"https:\/\/kymboutiqueinmobiliaria.com\/index.php\/wp-json\/wp\/v2\/product_cat?post=5979"},{"taxonomy":"product_tag","embeddable":true,"href":"https:\/\/kymboutiqueinmobiliaria.com\/index.php\/wp-json\/wp\/v2\/product_tag?post=5979"}],"curies":[{"name":"wp","href":"https:\/\/api.w.org\/{rel}","templated":true}]}}